{"id":8807,"date":"2026-03-03T16:15:57","date_gmt":"2026-03-03T15:15:57","guid":{"rendered":"https:\/\/www.chateaudecrussol.com\/Chateau\/?page_id=8807"},"modified":"2026-03-03T16:41:11","modified_gmt":"2026-03-03T15:41:11","slug":"sur-les-epaules-du-geant","status":"publish","type":"page","link":"https:\/\/www.chateaudecrussol.com\/Chateau\/sur-les-epaules-du-geant\/","title":{"rendered":"Sur les \u00c9paules du G\u00e9ant"},"content":{"rendered":"\t\t<div data-elementor-type=\"wp-page\" data-elementor-id=\"8807\" class=\"elementor elementor-8807\">\n\t\t\t\t\t\t<section class=\"elementor-section elementor-top-section elementor-element elementor-element-da6b1ff elementor-section-boxed elementor-section-height-default elementor-section-height-default\" data-id=\"da6b1ff\" data-element_type=\"section\" data-e-type=\"section\">\n\t\t\t\t\t\t<div class=\"elementor-container elementor-column-gap-default\">\n\t\t\t\t\t<div class=\"elementor-column elementor-col-50 elementor-top-column elementor-element elementor-element-fa22a0d\" data-id=\"fa22a0d\" data-element_type=\"column\" data-e-type=\"column\">\n\t\t\t<div class=\"elementor-widget-wrap elementor-element-populated\">\n\t\t\t\t\t\t<div class=\"elementor-element elementor-element-d53fb8e elementor-widget__width-initial elementor-widget elementor-widget-text-editor\" data-id=\"d53fb8e\" data-element_type=\"widget\" data-e-type=\"widget\" data-widget_type=\"text-editor.default\">\n\t\t\t\t<div class=\"elementor-widget-container\">\n\t\t\t\t\t\t\t\t\t<p>D\u00e9couvrez le massif de Crussol autrement en parcourant le sentier du g\u00e9ant de Crussol.<\/p>\n<p>Le sentier d\u2019interpr\u00e9tation a pris place en 2021 dans les bois et pelouse entourant le ch\u00e2teau.\u00a0<\/p>\n<p>Au d\u00e9part du parking, vous pourrez d\u00e9couvrir la cr\u00e9ation g\u00e9ologique du massif calcaire avec des st\u00e8les vous accompagnant jusqu\u2019\u00e0 l\u2019accueil du site.\u00a0\u00a0<\/p>\n<p>7 refuges sont ensuite \u00e0 trouver et pr\u00e9sentent le monde du vivant et l\u2019Histoire du massif naturel de Crussol. Suivez les fl\u00e8ches pour d\u00e9couvrir ces refuges et en apprendre plus sur la nature.<\/p>\t\t\t\t\t\t\t\t<\/div>\n\t\t\t\t<\/div>\n\t\t\t\t\t<\/div>\n\t\t<\/div>\n\t\t\t\t<div class=\"elementor-column elementor-col-50 elementor-top-column elementor-element elementor-element-35fcba4\" data-id=\"35fcba4\" data-element_type=\"column\" data-e-type=\"column\">\n\t\t\t<div class=\"elementor-widget-wrap elementor-element-populated\">\n\t\t\t\t\t\t<div class=\"elementor-element elementor-element-e792d8b elementor-widget__width-initial elementor-widget elementor-widget-image\" data-id=\"e792d8b\" data-element_type=\"widget\" data-e-type=\"widget\" data-settings=\"{&quot;_animation&quot;:&quot;none&quot;}\" data-widget_type=\"image.default\">\n\t\t\t\t<div class=\"elementor-widget-container\">\n\t\t\t\t\t\t\t\t\t\t\t\t\t\t\t<img fetchpriority=\"high\" decoding=\"async\" width=\"1024\" height=\"768\" src=\"https:\/\/www.chateaudecrussol.com\/Chateau\/wp-content\/uploads\/2021\/02\/WhatsApp-Image-2021-02-10-at-15.29.06-1024x768.jpeg\" class=\"attachment-large size-large wp-image-3994\" alt=\"\" srcset=\"https:\/\/www.chateaudecrussol.com\/Chateau\/wp-content\/uploads\/2021\/02\/WhatsApp-Image-2021-02-10-at-15.29.06-1024x768.jpeg 1024w, https:\/\/www.chateaudecrussol.com\/Chateau\/wp-content\/uploads\/2021\/02\/WhatsApp-Image-2021-02-10-at-15.29.06-300x225.jpeg 300w, https:\/\/www.chateaudecrussol.com\/Chateau\/wp-content\/uploads\/2021\/02\/WhatsApp-Image-2021-02-10-at-15.29.06-768x576.jpeg 768w, https:\/\/www.chateaudecrussol.com\/Chateau\/wp-content\/uploads\/2021\/02\/WhatsApp-Image-2021-02-10-at-15.29.06-1536x1152.jpeg 1536w, https:\/\/www.chateaudecrussol.com\/Chateau\/wp-content\/uploads\/2021\/02\/WhatsApp-Image-2021-02-10-at-15.29.06-133x100.jpeg 133w, https:\/\/www.chateaudecrussol.com\/Chateau\/wp-content\/uploads\/2021\/02\/WhatsApp-Image-2021-02-10-at-15.29.06-107x80.jpeg 107w, https:\/\/www.chateaudecrussol.com\/Chateau\/wp-content\/uploads\/2021\/02\/WhatsApp-Image-2021-02-10-at-15.29.06-394x296.jpeg 394w, https:\/\/www.chateaudecrussol.com\/Chateau\/wp-content\/uploads\/2021\/02\/WhatsApp-Image-2021-02-10-at-15.29.06-915x686.jpeg 915w, https:\/\/www.chateaudecrussol.com\/Chateau\/wp-content\/uploads\/2021\/02\/WhatsApp-Image-2021-02-10-at-15.29.06-1240x930.jpeg 1240w, https:\/\/www.chateaudecrussol.com\/Chateau\/wp-content\/uploads\/2021\/02\/WhatsApp-Image-2021-02-10-at-15.29.06-1440x1080.jpeg 1440w, https:\/\/www.chateaudecrussol.com\/Chateau\/wp-content\/uploads\/2021\/02\/WhatsApp-Image-2021-02-10-at-15.29.06.jpeg 1600w\" sizes=\"(max-width: 1024px) 100vw, 1024px\" \/>\t\t\t\t\t\t\t\t\t\t\t\t\t\t\t<\/div>\n\t\t\t\t<\/div>\n\t\t\t\t\t<\/div>\n\t\t<\/div>\n\t\t\t\t\t<\/div>\n\t\t<\/section>\n\t\t\t\t<section class=\"elementor-section elementor-top-section elementor-element elementor-element-1f76738 elementor-section-boxed elementor-section-height-default elementor-section-height-default\" data-id=\"1f76738\" data-element_type=\"section\" data-e-type=\"section\">\n\t\t\t\t\t\t<div class=\"elementor-container elementor-column-gap-default\">\n\t\t\t\t\t<div class=\"elementor-column elementor-col-33 elementor-top-column elementor-element elementor-element-dc798b7\" data-id=\"dc798b7\" data-element_type=\"column\" data-e-type=\"column\">\n\t\t\t<div class=\"elementor-widget-wrap elementor-element-populated\">\n\t\t\t\t\t\t<div class=\"elementor-element elementor-element-cad5186 elementor-widget__width-initial elementor-widget elementor-widget-image\" data-id=\"cad5186\" data-element_type=\"widget\" data-e-type=\"widget\" data-widget_type=\"image.default\">\n\t\t\t\t<div class=\"elementor-widget-container\">\n\t\t\t\t\t\t\t\t\t\t\t\t\t\t\t<img decoding=\"async\" width=\"768\" height=\"1024\" src=\"https:\/\/www.chateaudecrussol.com\/Chateau\/wp-content\/uploads\/2021\/02\/IMG_20210105_154614-768x1024.jpg\" class=\"attachment-large size-large wp-image-4015\" alt=\"\" srcset=\"https:\/\/www.chateaudecrussol.com\/Chateau\/wp-content\/uploads\/2021\/02\/IMG_20210105_154614-768x1024.jpg 768w, https:\/\/www.chateaudecrussol.com\/Chateau\/wp-content\/uploads\/2021\/02\/IMG_20210105_154614-225x300.jpg 225w, https:\/\/www.chateaudecrussol.com\/Chateau\/wp-content\/uploads\/2021\/02\/IMG_20210105_154614-1152x1536.jpg 1152w, https:\/\/www.chateaudecrussol.com\/Chateau\/wp-content\/uploads\/2021\/02\/IMG_20210105_154614-75x100.jpg 75w, https:\/\/www.chateaudecrussol.com\/Chateau\/wp-content\/uploads\/2021\/02\/IMG_20210105_154614-60x80.jpg 60w, https:\/\/www.chateaudecrussol.com\/Chateau\/wp-content\/uploads\/2021\/02\/IMG_20210105_154614-227x303.jpg 227w, https:\/\/www.chateaudecrussol.com\/Chateau\/wp-content\/uploads\/2021\/02\/IMG_20210105_154614-605x806.jpg 605w, https:\/\/www.chateaudecrussol.com\/Chateau\/wp-content\/uploads\/2021\/02\/IMG_20210105_154614-525x700.jpg 525w, https:\/\/www.chateaudecrussol.com\/Chateau\/wp-content\/uploads\/2021\/02\/IMG_20210105_154614-713x950.jpg 713w, https:\/\/www.chateaudecrussol.com\/Chateau\/wp-content\/uploads\/2021\/02\/IMG_20210105_154614-810x1080.jpg 810w, https:\/\/www.chateaudecrussol.com\/Chateau\/wp-content\/uploads\/2021\/02\/IMG_20210105_154614.jpg 1200w\" sizes=\"(max-width: 768px) 100vw, 768px\" \/>\t\t\t\t\t\t\t\t\t\t\t\t\t\t\t<\/div>\n\t\t\t\t<\/div>\n\t\t\t\t\t<\/div>\n\t\t<\/div>\n\t\t\t\t<div class=\"elementor-column elementor-col-66 elementor-top-column elementor-element elementor-element-cd7e10a\" data-id=\"cd7e10a\" data-element_type=\"column\" data-e-type=\"column\">\n\t\t\t<div class=\"elementor-widget-wrap elementor-element-populated\">\n\t\t\t\t\t\t<div class=\"elementor-element elementor-element-1d3284f elementor-widget elementor-widget-text-editor\" data-id=\"1d3284f\" data-element_type=\"widget\" data-e-type=\"widget\" data-widget_type=\"text-editor.default\">\n\t\t\t\t<div class=\"elementor-widget-container\">\n\t\t\t\t\t\t\t\t\t<p>Pour les petits curieux en qu\u00eate d\u2019aventure, le plan du sentier peut-\u00eatre r\u00e9cup\u00e9rer \u00e0 l\u2019accueil du ch\u00e2teau lors des horaires d\u2019ouverture ou \u00e0 l\u2019Office de Tourisme Rh\u00f4ne Crussol \u00e0 Saint-P\u00e9ray.<\/p>\n<p>Ce plan propose un jeu ludique qui vous fera \u00e9tudier les strat\u00e9gies sur les diff\u00e9rentes stations avec \u00e0 la cl\u00e9 un petit souvenir de cette balade. (disponible en fonction des p\u00e9riodes d\u2019ouverture de l\u2019accueil et du respect du mat\u00e9riel \u00e0 disposition)<\/p>\n<p>Au printemps 2026, le sentier \u00e9volue et accueillera une huiti\u00e8me station ! Rester informer sur cette page pour d\u00e9couvrir le nouveau plan.<\/p>\n<p>L\u2019int\u00e9gralit\u00e9 du sentier n\u2019est pas praticable en poussette et en fauteuil, il est recommand\u00e9 de s\u2019\u00e9quiper de chaussure de marche ou de basket, et en \u00e9t\u00e9 de prendre une quantit\u00e9 suffisante d\u2019eau. Comptez 1h30 pour d\u00e9couvrir le sentier dans son ensemble avec la lecture des informations.<\/p>\t\t\t\t\t\t\t\t<\/div>\n\t\t\t\t<\/div>\n\t\t\t\t\t<\/div>\n\t\t<\/div>\n\t\t\t\t\t<\/div>\n\t\t<\/section>\n\t\t\t\t<section class=\"elementor-section elementor-top-section elementor-element elementor-element-43296b6 elementor-section-boxed elementor-section-height-default elementor-section-height-default\" data-id=\"43296b6\" data-element_type=\"section\" data-e-type=\"section\">\n\t\t\t\t\t\t<div class=\"elementor-container elementor-column-gap-default\">\n\t\t\t\t\t<div class=\"elementor-column elementor-col-100 elementor-top-column elementor-element elementor-element-37dc80c\" data-id=\"37dc80c\" data-element_type=\"column\" data-e-type=\"column\">\n\t\t\t<div class=\"elementor-widget-wrap elementor-element-populated\">\n\t\t\t\t\t\t<div class=\"elementor-element elementor-element-f25c834 elementor-widget elementor-widget-spacer\" data-id=\"f25c834\" data-element_type=\"widget\" data-e-type=\"widget\" data-widget_type=\"spacer.default\">\n\t\t\t\t<div class=\"elementor-widget-container\">\n\t\t\t\t\t\t\t<div class=\"elementor-spacer\">\n\t\t\t<div class=\"elementor-spacer-inner\"><\/div>\n\t\t<\/div>\n\t\t\t\t\t\t<\/div>\n\t\t\t\t<\/div>\n\t\t\t\t<div class=\"elementor-element elementor-element-3c45924 elementor-widget elementor-widget-image\" data-id=\"3c45924\" data-element_type=\"widget\" data-e-type=\"widget\" data-widget_type=\"image.default\">\n\t\t\t\t<div class=\"elementor-widget-container\">\n\t\t\t\t\t\t\t\t\t\t\t\t\t\t\t<img decoding=\"async\" width=\"997\" height=\"703\" src=\"https:\/\/www.chateaudecrussol.com\/Chateau\/wp-content\/uploads\/2021\/02\/Capture.jpg\" class=\"attachment-large size-large wp-image-3980\" alt=\"\" srcset=\"https:\/\/www.chateaudecrussol.com\/Chateau\/wp-content\/uploads\/2021\/02\/Capture.jpg 997w, https:\/\/www.chateaudecrussol.com\/Chateau\/wp-content\/uploads\/2021\/02\/Capture-300x212.jpg 300w, https:\/\/www.chateaudecrussol.com\/Chateau\/wp-content\/uploads\/2021\/02\/Capture-768x542.jpg 768w, https:\/\/www.chateaudecrussol.com\/Chateau\/wp-content\/uploads\/2021\/02\/Capture-142x100.jpg 142w, https:\/\/www.chateaudecrussol.com\/Chateau\/wp-content\/uploads\/2021\/02\/Capture-113x80.jpg 113w, https:\/\/www.chateaudecrussol.com\/Chateau\/wp-content\/uploads\/2021\/02\/Capture-394x278.jpg 394w, https:\/\/www.chateaudecrussol.com\/Chateau\/wp-content\/uploads\/2021\/02\/Capture-915x645.jpg 915w\" sizes=\"(max-width: 997px) 100vw, 997px\" \/>\t\t\t\t\t\t\t\t\t\t\t\t\t\t\t<\/div>\n\t\t\t\t<\/div>\n\t\t\t\t\t<\/div>\n\t\t<\/div>\n\t\t\t\t\t<\/div>\n\t\t<\/section>\n\t\t\t\t<section class=\"elementor-section elementor-top-section elementor-element elementor-element-49b48ab elementor-section-boxed elementor-section-height-default elementor-section-height-default\" data-id=\"49b48ab\" data-element_type=\"section\" data-e-type=\"section\">\n\t\t\t\t\t\t<div class=\"elementor-container elementor-column-gap-default\">\n\t\t\t\t\t<div class=\"elementor-column elementor-col-100 elementor-top-column elementor-element elementor-element-d58285f\" data-id=\"d58285f\" data-element_type=\"column\" data-e-type=\"column\">\n\t\t\t<div class=\"elementor-widget-wrap elementor-element-populated\">\n\t\t\t\t\t\t<div class=\"elementor-element elementor-element-42c787d elementor-widget elementor-widget-spacer\" data-id=\"42c787d\" data-element_type=\"widget\" data-e-type=\"widget\" data-widget_type=\"spacer.default\">\n\t\t\t\t<div class=\"elementor-widget-container\">\n\t\t\t\t\t\t\t<div class=\"elementor-spacer\">\n\t\t\t<div class=\"elementor-spacer-inner\"><\/div>\n\t\t<\/div>\n\t\t\t\t\t\t<\/div>\n\t\t\t\t<\/div>\n\t\t\t\t\t<\/div>\n\t\t<\/div>\n\t\t\t\t\t<\/div>\n\t\t<\/section>\n\t\t\t\t<section class=\"elementor-section elementor-top-section elementor-element elementor-element-e972a57 elementor-section-boxed elementor-section-height-default elementor-section-height-default\" data-id=\"e972a57\" data-element_type=\"section\" data-e-type=\"section\">\n\t\t\t\t\t\t<div class=\"elementor-container elementor-column-gap-default\">\n\t\t\t\t\t<div class=\"elementor-column elementor-col-100 elementor-top-column elementor-element elementor-element-6fa13de\" data-id=\"6fa13de\" data-element_type=\"column\" data-e-type=\"column\">\n\t\t\t<div class=\"elementor-widget-wrap elementor-element-populated\">\n\t\t\t\t\t\t<div class=\"elementor-element elementor-element-057ed13 elementor-widget elementor-widget-text-editor\" data-id=\"057ed13\" data-element_type=\"widget\" data-e-type=\"widget\" data-widget_type=\"text-editor.default\">\n\t\t\t\t<div class=\"elementor-widget-container\">\n\t\t\t\t\t\t\t\t\t<p style=\"text-align: center;\"><span style=\"color: #99cc00;\">Vous pouvez prolonger l\u2019exp\u00e9rience en poursuivant votre route sur les traces de la D\u00e9esse So\u00efo \u00e0 Soyons.\u00a0<\/span><\/p><p style=\"text-align: center;\"><span style=\"color: #333333;\">Le livret est disponible sur le m\u00eame point d\u2019accueil que pour le g\u00e9ant de Crussol et \u00e9galement au d\u00e9part du sentier sur le parking des grottes de Soyons.<\/span><\/p>\t\t\t\t\t\t\t\t<\/div>\n\t\t\t\t<\/div>\n\t\t\t\t\t<\/div>\n\t\t<\/div>\n\t\t\t\t\t<\/div>\n\t\t<\/section>\n\t\t\t\t<\/div>\n\t\t","protected":false},"excerpt":{"rendered":"<p>D\u00e9couvrez le massif de Crussol autrement en parcourant le sentier du g\u00e9ant de Crussol. Le sentier d\u2019interpr\u00e9tation a pris place en 2021 dans les bois et pelouse entourant le ch\u00e2teau.\u00a0 Au d\u00e9part du parking, vous pourrez d\u00e9couvrir la cr\u00e9ation g\u00e9ologique &hellip; <a href=\"https:\/\/www.chateaudecrussol.com\/Chateau\/sur-les-epaules-du-geant\/\">Read More<\/a><\/p>\n","protected":false},"author":4,"featured_media":0,"parent":0,"menu_order":0,"comment_status":"closed","ping_status":"closed","template":"","meta":{"footnotes":""},"class_list":["post-8807","page","type-page","status-publish","hentry"],"yoast_head":"<!-- This site is optimized with the Yoast SEO plugin v27.5 - https:\/\/yoast.com\/product\/yoast-seo-wordpress\/ -->\n<title>Sur les \u00c9paules du G\u00e9ant - Ch\u00e2teau de Crussol<\/title>\n<meta name=\"robots\" content=\"index, follow, max-snippet:-1, max-image-preview:large, max-video-preview:-1\" \/>\n<link rel=\"canonical\" href=\"https:\/\/www.chateaudecrussol.com\/Chateau\/sur-les-epaules-du-geant\/\" \/>\n<meta property=\"og:locale\" content=\"fr_FR\" \/>\n<meta property=\"og:type\" content=\"article\" \/>\n<meta property=\"og:title\" content=\"Sur les \u00c9paules du G\u00e9ant - Ch\u00e2teau de Crussol\" \/>\n<meta property=\"og:description\" content=\"D\u00e9couvrez le massif de Crussol autrement en parcourant le sentier du g\u00e9ant de Crussol. Le sentier d\u2019interpr\u00e9tation a pris place en 2021 dans les bois et pelouse entourant le ch\u00e2teau.\u00a0 Au d\u00e9part du parking, vous pourrez d\u00e9couvrir la cr\u00e9ation g\u00e9ologique &hellip; Read More\" \/>\n<meta property=\"og:url\" content=\"https:\/\/www.chateaudecrussol.com\/Chateau\/sur-les-epaules-du-geant\/\" \/>\n<meta property=\"og:site_name\" content=\"Ch\u00e2teau de Crussol\" \/>\n<meta property=\"article:modified_time\" content=\"2026-03-03T15:41:11+00:00\" \/>\n<meta property=\"og:image\" content=\"https:\/\/www.chateaudecrussol.com\/Chateau\/wp-content\/uploads\/2021\/02\/WhatsApp-Image-2021-02-10-at-15.29.06.jpeg\" \/>\n\t<meta property=\"og:image:width\" content=\"1600\" \/>\n\t<meta property=\"og:image:height\" content=\"1200\" \/>\n\t<meta property=\"og:image:type\" content=\"image\/jpeg\" \/>\n<meta name=\"twitter:card\" content=\"summary_large_image\" \/>\n<meta name=\"twitter:label1\" content=\"Dur\u00e9e de lecture estim\u00e9e\" \/>\n\t<meta name=\"twitter:data1\" content=\"2 minutes\" \/>\n<script type=\"application\/ld+json\" class=\"yoast-schema-graph\">{\"@context\":\"https:\\\/\\\/schema.org\",\"@graph\":[{\"@type\":\"WebPage\",\"@id\":\"https:\\\/\\\/www.chateaudecrussol.com\\\/Chateau\\\/sur-les-epaules-du-geant\\\/\",\"url\":\"https:\\\/\\\/www.chateaudecrussol.com\\\/Chateau\\\/sur-les-epaules-du-geant\\\/\",\"name\":\"Sur les \u00c9paules du G\u00e9ant - Ch\u00e2teau de Crussol\",\"isPartOf\":{\"@id\":\"https:\\\/\\\/www.chateaudecrussol.com\\\/Chateau\\\/#website\"},\"primaryImageOfPage\":{\"@id\":\"https:\\\/\\\/www.chateaudecrussol.com\\\/Chateau\\\/sur-les-epaules-du-geant\\\/#primaryimage\"},\"image\":{\"@id\":\"https:\\\/\\\/www.chateaudecrussol.com\\\/Chateau\\\/sur-les-epaules-du-geant\\\/#primaryimage\"},\"thumbnailUrl\":\"https:\\\/\\\/www.chateaudecrussol.com\\\/Chateau\\\/wp-content\\\/uploads\\\/2021\\\/02\\\/WhatsApp-Image-2021-02-10-at-15.29.06-1024x768.jpeg\",\"datePublished\":\"2026-03-03T15:15:57+00:00\",\"dateModified\":\"2026-03-03T15:41:11+00:00\",\"breadcrumb\":{\"@id\":\"https:\\\/\\\/www.chateaudecrussol.com\\\/Chateau\\\/sur-les-epaules-du-geant\\\/#breadcrumb\"},\"inLanguage\":\"fr-FR\",\"potentialAction\":[{\"@type\":\"ReadAction\",\"target\":[\"https:\\\/\\\/www.chateaudecrussol.com\\\/Chateau\\\/sur-les-epaules-du-geant\\\/\"]}]},{\"@type\":\"ImageObject\",\"inLanguage\":\"fr-FR\",\"@id\":\"https:\\\/\\\/www.chateaudecrussol.com\\\/Chateau\\\/sur-les-epaules-du-geant\\\/#primaryimage\",\"url\":\"https:\\\/\\\/www.chateaudecrussol.com\\\/Chateau\\\/wp-content\\\/uploads\\\/2021\\\/02\\\/WhatsApp-Image-2021-02-10-at-15.29.06.jpeg\",\"contentUrl\":\"https:\\\/\\\/www.chateaudecrussol.com\\\/Chateau\\\/wp-content\\\/uploads\\\/2021\\\/02\\\/WhatsApp-Image-2021-02-10-at-15.29.06.jpeg\",\"width\":1600,\"height\":1200},{\"@type\":\"BreadcrumbList\",\"@id\":\"https:\\\/\\\/www.chateaudecrussol.com\\\/Chateau\\\/sur-les-epaules-du-geant\\\/#breadcrumb\",\"itemListElement\":[{\"@type\":\"ListItem\",\"position\":1,\"name\":\"Home\",\"item\":\"https:\\\/\\\/www.chateaudecrussol.com\\\/Chateau\\\/\"},{\"@type\":\"ListItem\",\"position\":2,\"name\":\"Sur les \u00c9paules du G\u00e9ant\"}]},{\"@type\":\"WebSite\",\"@id\":\"https:\\\/\\\/www.chateaudecrussol.com\\\/Chateau\\\/#website\",\"url\":\"https:\\\/\\\/www.chateaudecrussol.com\\\/Chateau\\\/\",\"name\":\"Ch\u00e2teau de Crussol\",\"description\":\"Le Ch\u00e2teau de Crussol vous accueille entre histoire et pleine nature. Visites, d\u00e9couvertes et activit\u00e9s touristiques.\",\"potentialAction\":[{\"@type\":\"SearchAction\",\"target\":{\"@type\":\"EntryPoint\",\"urlTemplate\":\"https:\\\/\\\/www.chateaudecrussol.com\\\/Chateau\\\/?s={search_term_string}\"},\"query-input\":{\"@type\":\"PropertyValueSpecification\",\"valueRequired\":true,\"valueName\":\"search_term_string\"}}],\"inLanguage\":\"fr-FR\"}]}<\/script>\n<!-- \/ Yoast SEO plugin. -->","yoast_head_json":{"title":"Sur les \u00c9paules du G\u00e9ant - Ch\u00e2teau de Crussol","robots":{"index":"index","follow":"follow","max-snippet":"max-snippet:-1","max-image-preview":"max-image-preview:large","max-video-preview":"max-video-preview:-1"},"canonical":"https:\/\/www.chateaudecrussol.com\/Chateau\/sur-les-epaules-du-geant\/","og_locale":"fr_FR","og_type":"article","og_title":"Sur les \u00c9paules du G\u00e9ant - Ch\u00e2teau de Crussol","og_description":"D\u00e9couvrez le massif de Crussol autrement en parcourant le sentier du g\u00e9ant de Crussol. Le sentier d\u2019interpr\u00e9tation a pris place en 2021 dans les bois et pelouse entourant le ch\u00e2teau.\u00a0 Au d\u00e9part du parking, vous pourrez d\u00e9couvrir la cr\u00e9ation g\u00e9ologique &hellip; Read More","og_url":"https:\/\/www.chateaudecrussol.com\/Chateau\/sur-les-epaules-du-geant\/","og_site_name":"Ch\u00e2teau de Crussol","article_modified_time":"2026-03-03T15:41:11+00:00","og_image":[{"width":1600,"height":1200,"url":"https:\/\/www.chateaudecrussol.com\/Chateau\/wp-content\/uploads\/2021\/02\/WhatsApp-Image-2021-02-10-at-15.29.06.jpeg","type":"image\/jpeg"}],"twitter_card":"summary_large_image","twitter_misc":{"Dur\u00e9e de lecture estim\u00e9e":"2 minutes"},"schema":{"@context":"https:\/\/schema.org","@graph":[{"@type":"WebPage","@id":"https:\/\/www.chateaudecrussol.com\/Chateau\/sur-les-epaules-du-geant\/","url":"https:\/\/www.chateaudecrussol.com\/Chateau\/sur-les-epaules-du-geant\/","name":"Sur les \u00c9paules du G\u00e9ant - Ch\u00e2teau de Crussol","isPartOf":{"@id":"https:\/\/www.chateaudecrussol.com\/Chateau\/#website"},"primaryImageOfPage":{"@id":"https:\/\/www.chateaudecrussol.com\/Chateau\/sur-les-epaules-du-geant\/#primaryimage"},"image":{"@id":"https:\/\/www.chateaudecrussol.com\/Chateau\/sur-les-epaules-du-geant\/#primaryimage"},"thumbnailUrl":"https:\/\/www.chateaudecrussol.com\/Chateau\/wp-content\/uploads\/2021\/02\/WhatsApp-Image-2021-02-10-at-15.29.06-1024x768.jpeg","datePublished":"2026-03-03T15:15:57+00:00","dateModified":"2026-03-03T15:41:11+00:00","breadcrumb":{"@id":"https:\/\/www.chateaudecrussol.com\/Chateau\/sur-les-epaules-du-geant\/#breadcrumb"},"inLanguage":"fr-FR","potentialAction":[{"@type":"ReadAction","target":["https:\/\/www.chateaudecrussol.com\/Chateau\/sur-les-epaules-du-geant\/"]}]},{"@type":"ImageObject","inLanguage":"fr-FR","@id":"https:\/\/www.chateaudecrussol.com\/Chateau\/sur-les-epaules-du-geant\/#primaryimage","url":"https:\/\/www.chateaudecrussol.com\/Chateau\/wp-content\/uploads\/2021\/02\/WhatsApp-Image-2021-02-10-at-15.29.06.jpeg","contentUrl":"https:\/\/www.chateaudecrussol.com\/Chateau\/wp-content\/uploads\/2021\/02\/WhatsApp-Image-2021-02-10-at-15.29.06.jpeg","width":1600,"height":1200},{"@type":"BreadcrumbList","@id":"https:\/\/www.chateaudecrussol.com\/Chateau\/sur-les-epaules-du-geant\/#breadcrumb","itemListElement":[{"@type":"ListItem","position":1,"name":"Home","item":"https:\/\/www.chateaudecrussol.com\/Chateau\/"},{"@type":"ListItem","position":2,"name":"Sur les \u00c9paules du G\u00e9ant"}]},{"@type":"WebSite","@id":"https:\/\/www.chateaudecrussol.com\/Chateau\/#website","url":"https:\/\/www.chateaudecrussol.com\/Chateau\/","name":"Ch\u00e2teau de Crussol","description":"Le Ch\u00e2teau de Crussol vous accueille entre histoire et pleine nature. Visites, d\u00e9couvertes et activit\u00e9s touristiques.","potentialAction":[{"@type":"SearchAction","target":{"@type":"EntryPoint","urlTemplate":"https:\/\/www.chateaudecrussol.com\/Chateau\/?s={search_term_string}"},"query-input":{"@type":"PropertyValueSpecification","valueRequired":true,"valueName":"search_term_string"}}],"inLanguage":"fr-FR"}]}},"_links":{"self":[{"href":"https:\/\/www.chateaudecrussol.com\/Chateau\/wp-json\/wp\/v2\/pages\/8807","targetHints":{"allow":["GET"]}}],"collection":[{"href":"https:\/\/www.chateaudecrussol.com\/Chateau\/wp-json\/wp\/v2\/pages"}],"about":[{"href":"https:\/\/www.chateaudecrussol.com\/Chateau\/wp-json\/wp\/v2\/types\/page"}],"author":[{"embeddable":true,"href":"https:\/\/www.chateaudecrussol.com\/Chateau\/wp-json\/wp\/v2\/users\/4"}],"replies":[{"embeddable":true,"href":"https:\/\/www.chateaudecrussol.com\/Chateau\/wp-json\/wp\/v2\/comments?post=8807"}],"version-history":[{"count":11,"href":"https:\/\/www.chateaudecrussol.com\/Chateau\/wp-json\/wp\/v2\/pages\/8807\/revisions"}],"predecessor-version":[{"id":8832,"href":"https:\/\/www.chateaudecrussol.com\/Chateau\/wp-json\/wp\/v2\/pages\/8807\/revisions\/8832"}],"wp:attachment":[{"href":"https:\/\/www.chateaudecrussol.com\/Chateau\/wp-json\/wp\/v2\/media?parent=8807"}],"curies":[{"name":"wp","href":"https:\/\/api.w.org\/{rel}","templated":true}]}}